{"id":1645,"date":"2020-07-28T13:39:12","date_gmt":"2020-07-28T13:39:12","guid":{"rendered":"https:\/\/wirsinddienstleister.de\/?page_id=1645"},"modified":"2020-12-17T07:24:46","modified_gmt":"2020-12-17T07:24:46","slug":"impressum","status":"publish","type":"page","link":"https:\/\/wirsinddienstleister.de\/?page_id=1645","title":{"rendered":"Impressum"},"content":{"rendered":"\t\t<div data-elementor-type=\"wp-page\" data-elementor-id=\"1645\" class=\"elementor elementor-1645\">\n\t\t\t\t\t\t<section class=\"elementor-section elementor-top-section elementor-element elementor-element-15c12bc elementor-section-boxed elementor-section-height-default elementor-section-height-default\" data-id=\"15c12bc\" data-element_type=\"section\" data-e-type=\"section\">\n\t\t\t\t\t\t<div class=\"elementor-container elementor-column-gap-default\">\n\t\t\t\t\t<div class=\"elementor-column elementor-col-100 elementor-top-column elementor-element elementor-element-6de7750\" data-id=\"6de7750\" data-element_type=\"column\" data-e-type=\"column\">\n\t\t\t<div class=\"elementor-widget-wrap elementor-element-populated\">\n\t\t\t\t\t\t<div class=\"elementor-element elementor-element-f46edc3 elementor-widget elementor-widget-heading\" data-id=\"f46edc3\" data-element_type=\"widget\" data-e-type=\"widget\" data-widget_type=\"heading.default\">\n\t\t\t\t<div class=\"elementor-widget-container\">\n\t\t\t\t\t<h2 class=\"elementor-heading-title elementor-size-default\">Impressum<\/h2>\t\t\t\t<\/div>\n\t\t\t\t<\/div>\n\t\t\t\t\t<\/div>\n\t\t<\/div>\n\t\t\t\t\t<\/div>\n\t\t<\/section>\n\t\t\t\t<section class=\"elementor-section elementor-top-section elementor-element elementor-element-6cb903f8 elementor-section-boxed elementor-section-height-default elementor-section-height-default\" data-id=\"6cb903f8\" data-element_type=\"section\" data-e-type=\"section\">\n\t\t\t\t\t\t<div class=\"elementor-container elementor-column-gap-default\">\n\t\t\t\t\t<div class=\"elementor-column elementor-col-100 elementor-top-column elementor-element elementor-element-50074384\" data-id=\"50074384\" data-element_type=\"column\" data-e-type=\"column\">\n\t\t\t<div class=\"elementor-widget-wrap elementor-element-populated\">\n\t\t\t\t\t\t<div class=\"elementor-element elementor-element-5d322a6e elementor-widget elementor-widget-text-editor\" data-id=\"5d322a6e\" data-element_type=\"widget\" data-e-type=\"widget\" data-widget_type=\"text-editor.default\">\n\t\t\t\t<div class=\"elementor-widget-container\">\n\t\t\t\t\t\t\t\t\t<p><strong>Betreiber dieser Seiten:<\/strong><\/p><p>WSD Wir sind Dienstleister GmbH<\/p><p><strong>Firmensitz:<\/strong><br \/>Tremsb\u00fcttler Weg 2c<br \/>22941 Hammoor<\/p><p><strong>Postanschrift:<br \/><\/strong>Wendenstra\u00dfe 331<br \/>20537 Hamburg<\/p><p>E-Mail:\u00a0<a href=\"mailto:info@wirsinddienstleister.de\">info@wirsinddienstleister.de<\/a><\/p><p>URL: <a href=\"http:\/\/www.wirsinddienstleister.de\">www.wirsinddienstleister.de<\/a><\/p><p><strong>Gesch\u00e4ftsf\u00fchrer:<\/strong>\u00a0Steve Reiche<\/p><p>USt.-IdNr.: DE309721219<br \/>Registergericht: Amtsgericht L\u00fcbeck<br \/>Registernummer: HRB 16393 HL<\/p><p><strong>Zust\u00e4ndige Kammer:<\/strong>\u00a0Handwerkskammer L\u00fcbeck, Breite Stra\u00dfe 10-12, 23552 L\u00fcbeck<\/p><p><strong>Berufsbezeichnung:<\/strong>\u00a0Geb\u00e4udereinigermeister (verliehen in der Bundesrepublik Deutschland)<\/p><p><strong>Berufsrechtliche Regelungen:<\/strong><br \/><a title=\"http:\/\/www.bmwi.de\/DE\/Service\/gesetze,did=195922.html\" href=\"http:\/\/www.bmwi.de\/DE\/Service\/gesetze,did=195922.html\" target=\"_blank\" rel=\"noopener\">Handwerksordnung<\/a>\u00a0(Bundesministerium f\u00fcr Wirtschaft und Technologie)<\/p><p><strong>Inhaltlich Verantwortlicher:<\/strong>\u00a0Steve Reiche (Anschrift wie oben)<\/p><p><strong>Information des Verbrauchers nach Eintritt der Streitigkeit:<\/strong><\/p><p>Die f\u00fcr die WSD Wir sind Dienstleister GmbH zust\u00e4ndige Verbraucherschlichtungsstelle ist die<\/p><p>Universalschlichtungsstelle des Bundes am Zentrum f\u00fcr Schlichtung e.V.<\/p><p>Stra\u00dfburger Stra\u00dfe 8<br \/>77694 Kehl am Rhein<br \/>Telefon: 07851 \/ 795 79 40<br \/>E-Mail: mail@universalschlichtungsstelle.de<\/p><p>Die WSD Wir sind Dienstleister GmbH beteiligt sich an Verbraucherschlichtungsverfahren vor der zuvor genannten Verbraucherschlichtungsstelle nach dem Verbraucherstreitbeilegungsgesetz.<\/p><p>Streitigkeiten \u00fcber den Vertrag und dessen Ausf\u00fchrung k\u00f6nnen au\u00dferdem vor der<\/p><p>Vermittlungsstelle der Handwerkskammer L\u00fcbeck<br \/>Breite Stra\u00dfe 10-12<br \/>23552 L\u00fcbeck<br \/>E-Mail: vermittlungsstelle@hwk-luebeck.de<\/p><p>verhandelt werden.<\/p>\t\t\t\t\t\t\t\t<\/div>\n\t\t\t\t<\/div>\n\t\t\t\t\t<\/div>\n\t\t<\/div>\n\t\t\t\t\t<\/div>\n\t\t<\/section>\n\t\t\t\t<\/div>\n\t\t","protected":false},"excerpt":{"rendered":"<p>Impressum Betreiber dieser Seiten: WSD Wir sind Dienstleister GmbH Firmensitz:Tremsb\u00fcttler Weg 2c22941 Hammoor Postanschrift:Wendenstra\u00dfe 33120537 Hamburg E-Mail:\u00a0info@wirsinddienstleister.de URL: www.wirsinddienstleister.de Gesch\u00e4ftsf\u00fchrer:\u00a0Steve Reiche USt.-IdNr.: DE309721219Registergericht: Amtsgericht L\u00fcbeckRegisternummer: HRB 16393 HL Zust\u00e4ndige Kammer:\u00a0Handwerkskammer &#8230;<\/p>\n","protected":false},"author":1,"featured_media":0,"parent":0,"menu_order":0,"comment_status":"closed","ping_status":"closed","template":"","meta":{"_eb_attr":"","iawp_total_views":99,"footnotes":""},"class_list":["post-1645","page","type-page","status-publish","hentry"],"_links":{"self":[{"href":"https:\/\/wirsinddienstleister.de\/index.php?rest_route=\/wp\/v2\/pages\/1645","targetHints":{"allow":["GET"]}}],"collection":[{"href":"https:\/\/wirsinddienstleister.de\/index.php?rest_route=\/wp\/v2\/pages"}],"about":[{"href":"https:\/\/wirsinddienstleister.de\/index.php?rest_route=\/wp\/v2\/types\/page"}],"author":[{"embeddable":true,"href":"https:\/\/wirsinddienstleister.de\/index.php?rest_route=\/wp\/v2\/users\/1"}],"replies":[{"embeddable":true,"href":"https:\/\/wirsinddienstleister.de\/index.php?rest_route=%2Fwp%2Fv2%2Fcomments&post=1645"}],"version-history":[{"count":4,"href":"https:\/\/wirsinddienstleister.de\/index.php?rest_route=\/wp\/v2\/pages\/1645\/revisions"}],"predecessor-version":[{"id":1746,"href":"https:\/\/wirsinddienstleister.de\/index.php?rest_route=\/wp\/v2\/pages\/1645\/revisions\/1746"}],"wp:attachment":[{"href":"https:\/\/wirsinddienstleister.de\/index.php?rest_route=%2Fwp%2Fv2%2Fmedia&parent=1645"}],"curies":[{"name":"wp","href":"https:\/\/api.w.org\/{rel}","templated":true}]}}